{"id":356,"date":"2026-01-14T08:52:08","date_gmt":"2026-01-14T07:52:08","guid":{"rendered":"https:\/\/cms-webdesign.ch\/innosystem\/?page_id=356"},"modified":"2026-01-14T09:02:12","modified_gmt":"2026-01-14T08:02:12","slug":"impressum","status":"publish","type":"page","link":"https:\/\/innosystem.com\/en\/impressum\/","title":{"rendered":"IMPRESSUM"},"content":{"rendered":"<div data-elementor-type=\"wp-page\" data-elementor-id=\"356\" class=\"elementor elementor-356\" data-elementor-post-type=\"page\">\n\t\t\t\t<div class=\"elementor-element elementor-element-1cadc03 e-flex e-con-boxed e-con e-parent\" data-id=\"1cadc03\" data-element_type=\"container\" data-e-type=\"container\">\n\t\t\t\t\t<div class=\"e-con-inner\">\n\t\t\t\t<div class=\"elementor-element elementor-element-e83d0ab elementor-widget elementor-widget-heading\" data-id=\"e83d0ab\" data-element_type=\"widget\" data-e-type=\"widget\" data-widget_type=\"heading.default\">\n\t\t\t\t\t<h1 class=\"elementor-heading-title elementor-size-default\">Impressum<\/h1>\t\t\t\t<\/div>\n\t\t\t\t\t<\/div>\n\t\t\t\t<\/div>\n\t\t<div class=\"elementor-element elementor-element-47eec5d e-flex e-con-boxed e-con e-parent\" data-id=\"47eec5d\" data-element_type=\"container\" data-e-type=\"container\">\n\t\t\t\t\t<div class=\"e-con-inner\">\n\t\t\t\t<div class=\"elementor-element elementor-element-62aa892 elementor-widget__width-initial elementor-widget elementor-widget-text-editor\" data-id=\"62aa892\" data-element_type=\"widget\" data-e-type=\"widget\" data-widget_type=\"text-editor.default\">\n\t\t\t\t\t\t\t\t\t<h2>Responsible for the content of the pages<\/h2><p>Innosystem AG<br \/>Rebgasse\u00a012<br \/>4314\u00a0Zeiningen<br \/><span id=\"cloakf66b3cf23fbb0680871f953d79dd01dc\"><a href=\"mailto:info@innosystem.com\">info@innosystem.com<\/a><\/span><\/p><h2>Webdesign<\/h2><p>This website was created by <a href=\"https:\/\/msitag.ch\" target=\"_blank\" rel=\"noopener\">microsys-sacker IT AG<\/a> designed.<\/p><h2>Copyright<\/h2><p>The copyright for all content on this website is held by Innosystem AG.<\/p><h2>Disclaimer<\/h2><p>All texts and links have been carefully checked and are continuously updated. We endeavor to provide accurate and complete information on this website, but accept no responsibility, guarantee, or liability for the accuracy, completeness, or currency of the information provided on this website, including any database entries. We reserve the right to change the information on this website at any time without notice and do not undertake to update the information contained herein. All links to external providers were checked for accuracy at the time they were included. Nevertheless, we are not liable for the content and availability of websites that can be accessed via hyperlinks. The provider of the linked site is solely liable for illegal, incorrect, or incomplete content and, in particular, for damage resulting from the unchecked use of content on linked sites. It is irrelevant whether the damage is direct, indirect, or financial in nature or whether it is any other damage that could result from data loss, loss of use, or other reasons of any kind.<\/p>\t\t\t\t\t\t\t\t<\/div>\n\t\t\t\t\t<\/div>\n\t\t\t\t<\/div>\n\t\t\t\t<\/div>","protected":false},"excerpt":{"rendered":"<p>Impressum Verantwortlich f\u00fcr den Inhalt der Seiten Innosystem AGRebgasse\u00a0124314\u00a0Zeiningeninfo@innosystem.com Webdesign Diese Internetseite wurde von microsys-sacker IT AG gestaltet. Copyright Das Copyright f\u00fcr s\u00e4mtliche Inhalte dieser Website liegt bei Innosystem AG. Disclaimer Alle Texte und Links wurden sorgf\u00e4ltig gepr\u00fcft und werden laufend aktualisiert. Wir sind bem\u00fcht, richtige und vollst\u00e4ndige Informationen auf dieser Website bereitzustellen, \u00fcbernehmen aber [&hellip;]<\/p>\n","protected":false},"author":2,"featured_media":0,"parent":0,"menu_order":0,"comment_status":"closed","ping_status":"closed","template":"","meta":{"footnotes":""},"class_list":["post-356","page","type-page","status-publish","hentry"],"_links":{"self":[{"href":"https:\/\/innosystem.com\/en\/wp-json\/wp\/v2\/pages\/356","targetHints":{"allow":["GET"]}}],"collection":[{"href":"https:\/\/innosystem.com\/en\/wp-json\/wp\/v2\/pages"}],"about":[{"href":"https:\/\/innosystem.com\/en\/wp-json\/wp\/v2\/types\/page"}],"author":[{"embeddable":true,"href":"https:\/\/innosystem.com\/en\/wp-json\/wp\/v2\/users\/2"}],"replies":[{"embeddable":true,"href":"https:\/\/innosystem.com\/en\/wp-json\/wp\/v2\/comments?post=356"}],"version-history":[{"count":7,"href":"https:\/\/innosystem.com\/en\/wp-json\/wp\/v2\/pages\/356\/revisions"}],"predecessor-version":[{"id":375,"href":"https:\/\/innosystem.com\/en\/wp-json\/wp\/v2\/pages\/356\/revisions\/375"}],"wp:attachment":[{"href":"https:\/\/innosystem.com\/en\/wp-json\/wp\/v2\/media?parent=356"}],"curies":[{"name":"wp","href":"https:\/\/api.w.org\/{rel}","templated":true}]}}