{"id":31,"date":"2026-01-08T11:37:44","date_gmt":"2026-01-08T10:37:44","guid":{"rendered":"https:\/\/cms-webdesign.ch\/innosystem\/?page_id=31"},"modified":"2026-01-27T13:51:05","modified_gmt":"2026-01-27T12:51:05","slug":"home","status":"publish","type":"page","link":"https:\/\/innosystem.com\/en\/","title":{"rendered":"HOME"},"content":{"rendered":"<div data-elementor-type=\"wp-page\" data-elementor-id=\"31\" class=\"elementor elementor-31\" data-elementor-post-type=\"page\">\n\t\t\t\t<div class=\"elementor-element elementor-element-148e30a e-con-full e-flex e-con e-parent\" data-id=\"148e30a\" data-element_type=\"container\" data-e-type=\"container\">\n\t\t\t\t<div class=\"elementor-element elementor-element-5a7829c elementor-arrows-position-inside elementor-pagination-position-outside elementor-widget elementor-widget-image-carousel\" data-id=\"5a7829c\" data-element_type=\"widget\" data-e-type=\"widget\" data-settings=\"{&quot;slides_to_show&quot;:&quot;1&quot;,&quot;effect&quot;:&quot;fade&quot;,&quot;speed&quot;:1500,&quot;navigation&quot;:&quot;both&quot;,&quot;autoplay&quot;:&quot;yes&quot;,&quot;pause_on_hover&quot;:&quot;yes&quot;,&quot;pause_on_interaction&quot;:&quot;yes&quot;,&quot;autoplay_speed&quot;:5000,&quot;infinite&quot;:&quot;yes&quot;}\" data-widget_type=\"image-carousel.default\">\n\t\t\t\t\t\t\t<div class=\"elementor-image-carousel-wrapper swiper\" role=\"region\" aria-roledescription=\"carousel\" aria-label=\"Image Carousel\" dir=\"ltr\">\n\t\t\t<div class=\"elementor-image-carousel swiper-wrapper swiper-image-stretch\" aria-live=\"off\">\n\t\t\t\t\t\t\t\t<div class=\"swiper-slide\" role=\"group\" aria-roledescription=\"slide\" aria-label=\"1 of 5\"><figure class=\"swiper-slide-inner\"><img decoding=\"async\" class=\"swiper-slide-image\" src=\"https:\/\/innosystem.com\/wp-content\/uploads\/2026\/01\/ISAG-Gehren-1920-1024x267.png\" alt=\"ISAG-Gehren-1920\" \/><\/figure><\/div><div class=\"swiper-slide\" role=\"group\" aria-roledescription=\"slide\" aria-label=\"2 of 5\"><figure class=\"swiper-slide-inner\"><img decoding=\"async\" class=\"swiper-slide-image\" src=\"https:\/\/innosystem.com\/wp-content\/uploads\/2026\/01\/pic3jpg-1024x267.jpg\" alt=\"pic3jpg\" \/><\/figure><\/div><div class=\"swiper-slide\" role=\"group\" aria-roledescription=\"slide\" aria-label=\"3 of 5\"><figure class=\"swiper-slide-inner\"><img decoding=\"async\" class=\"swiper-slide-image\" src=\"https:\/\/innosystem.com\/wp-content\/uploads\/2026\/01\/Elektr-1-1920-1024x266.png\" alt=\"Elektr-1-1920\" \/><\/figure><\/div><div class=\"swiper-slide\" role=\"group\" aria-roledescription=\"slide\" aria-label=\"4 of 5\"><figure class=\"swiper-slide-inner\"><img decoding=\"async\" class=\"swiper-slide-image\" src=\"https:\/\/innosystem.com\/wp-content\/uploads\/2026\/01\/PBX200-1-1920-1024x278.png\" alt=\"PBX200-1-1920\" \/><\/figure><\/div><div class=\"swiper-slide\" role=\"group\" aria-roledescription=\"slide\" aria-label=\"5 of 5\"><figure class=\"swiper-slide-inner\"><img decoding=\"async\" class=\"swiper-slide-image\" src=\"https:\/\/innosystem.com\/wp-content\/uploads\/2026\/01\/Fan4-1920-1024x267.png\" alt=\"Fan4-1920\" \/><\/figure><\/div>\t\t\t<\/div>\n\t\t\t\t\t\t\t\t\t\t\t\t<div class=\"elementor-swiper-button elementor-swiper-button-prev\" role=\"button\" tabindex=\"0\">\n\t\t\t\t\t\t<svg aria-hidden=\"true\" class=\"e-font-icon-svg e-eicon-chevron-left\" viewbox=\"0 0 1000 1000\" xmlns=\"http:\/\/www.w3.org\/2000\/svg\"><path d=\"M646 125C629 125 613 133 604 142L308 442C296 454 292 471 292 487 292 504 296 521 308 533L604 854C617 867 629 875 646 875 663 875 679 871 692 858 704 846 713 829 713 812 713 796 708 779 692 767L438 487 692 225C700 217 708 204 708 187 708 171 704 154 692 142 675 129 663 125 646 125Z\"><\/path><\/svg>\t\t\t\t\t<\/div>\n\t\t\t\t\t<div class=\"elementor-swiper-button elementor-swiper-button-next\" role=\"button\" tabindex=\"0\">\n\t\t\t\t\t\t<svg aria-hidden=\"true\" class=\"e-font-icon-svg e-eicon-chevron-right\" viewbox=\"0 0 1000 1000\" xmlns=\"http:\/\/www.w3.org\/2000\/svg\"><path d=\"M696 533C708 521 713 504 713 487 713 471 708 454 696 446L400 146C388 133 375 125 354 125 338 125 325 129 313 142 300 154 292 171 292 187 292 204 296 221 308 233L563 492 304 771C292 783 288 800 288 817 288 833 296 850 308 863 321 871 338 875 354 875 371 875 388 867 400 854L696 533Z\"><\/path><\/svg>\t\t\t\t\t<\/div>\n\t\t\t\t\n\t\t\t\t\t\t\t\t\t<div class=\"swiper-pagination\"><\/div>\n\t\t\t\t\t\t\t\t\t<\/div>\n\t\t\t\t\t\t<\/div>\n\t\t\t\t<\/div>\n\t\t<div class=\"elementor-element elementor-element-1cadc03 e-flex e-con-boxed e-con e-parent\" data-id=\"1cadc03\" data-element_type=\"container\" data-e-type=\"container\">\n\t\t\t\t\t<div class=\"e-con-inner\">\n\t\t\t\t<div class=\"elementor-element elementor-element-e83d0ab elementor-widget elementor-widget-heading\" data-id=\"e83d0ab\" data-element_type=\"widget\" data-e-type=\"widget\" data-widget_type=\"heading.default\">\n\t\t\t\t\t<h1 class=\"elementor-heading-title elementor-size-default\">Innosystem \u2013 The Power Company<\/h1>\t\t\t\t<\/div>\n\t\t\t\t\t<\/div>\n\t\t\t\t<\/div>\n\t\t<div class=\"elementor-element elementor-element-0e01e25 e-flex e-con-boxed e-con e-parent\" data-id=\"0e01e25\" data-element_type=\"container\" data-e-type=\"container\">\n\t\t\t\t\t<div class=\"e-con-inner\">\n\t\t\t\t<div class=\"elementor-element elementor-element-f535d46 elementor-widget elementor-widget-heading\" data-id=\"f535d46\" data-element_type=\"widget\" data-e-type=\"widget\" data-widget_type=\"heading.default\">\n\t\t\t\t\t<h2 class=\"elementor-heading-title elementor-size-default\">Development and manufacture of switching power supplies<\/h2>\t\t\t\t<\/div>\n\t\t\t\t\t<\/div>\n\t\t\t\t<\/div>\n\t\t<div class=\"elementor-element elementor-element-47eec5d e-flex e-con-boxed e-con e-parent\" data-id=\"47eec5d\" data-element_type=\"container\" data-e-type=\"container\">\n\t\t\t\t\t<div class=\"e-con-inner\">\n\t\t\t\t<div class=\"elementor-element elementor-element-62aa892 elementor-widget__width-initial elementor-widget elementor-widget-text-editor\" data-id=\"62aa892\" data-element_type=\"widget\" data-e-type=\"widget\" data-widget_type=\"text-editor.default\">\n\t\t\t\t\t\t\t\t\t<p>Innosystem AG has been offering customized switching power supplies for over 30 years. With our expertise, we can guide you to your desired product, and we make it a priority to respond to your wishes individually and personally. Our core competence lies in the development and production of customized switching power supplies.<br \/>Do you have a complex application or are you currently developing a new device and simply cannot find a standard power supply? We are your specialist for power supplies and power electronics.<\/p>\t\t\t\t\t\t\t\t<\/div>\n\t\t<div class=\"elementor-element elementor-element-72d9ef7 e-con-full e-flex e-con e-child\" data-id=\"72d9ef7\" data-element_type=\"container\" data-e-type=\"container\">\n\t\t\t\t<div class=\"elementor-element elementor-element-ed5c0e4 elementor-widget elementor-widget-text-editor\" data-id=\"ed5c0e4\" data-element_type=\"widget\" data-e-type=\"widget\" data-widget_type=\"text-editor.default\">\n\t\t\t\t\t\t\t\t\t<h2><strong>CONTACT<\/strong><\/h2><p><strong>Innosystem AG<br \/><\/strong>Rebgasse 12<br \/>CH-4314 Zeiningen<br \/><a href=\"tel:+41618559191\" data-wplink-edit=\"true\">+41 61 855 91 91<br \/><\/a><a href=\"mailto:info@innosystem.com\">info@innosystem.com<\/a><\/p>\t\t\t\t\t\t\t\t<\/div>\n\t\t\t\t<\/div>\n\t\t\t\t\t<\/div>\n\t\t\t\t<\/div>\n\t\t<div class=\"elementor-element elementor-element-402e4c1 e-flex e-con-boxed e-con e-parent\" data-id=\"402e4c1\" data-element_type=\"container\" data-e-type=\"container\">\n\t\t\t\t\t<div class=\"e-con-inner\">\n\t\t\t\t<div class=\"elementor-element elementor-element-5115863 elementor-widget elementor-widget-heading\" data-id=\"5115863\" data-element_type=\"widget\" data-e-type=\"widget\" data-widget_type=\"heading.default\">\n\t\t\t\t\t<h2 class=\"elementor-heading-title elementor-size-default\">Performance range<\/h2>\t\t\t\t<\/div>\n\t\t\t\t\t<\/div>\n\t\t\t\t<\/div>\n\t\t<div class=\"elementor-element elementor-element-53a5613 e-flex e-con-boxed e-con e-parent\" data-id=\"53a5613\" data-element_type=\"container\" data-e-type=\"container\">\n\t\t\t\t\t<div class=\"e-con-inner\">\n\t\t\t\t<div class=\"elementor-element elementor-element-8c373e0 elementor-widget__width-initial elementor-widget elementor-widget-text-editor\" data-id=\"8c373e0\" data-element_type=\"widget\" data-e-type=\"widget\" data-widget_type=\"text-editor.default\">\n\t\t\t\t\t\t\t\t\t<p>With all development and production taking place in Switzerland, we are your partner for power supplies and power electronics in the lower kW range. Whether this is due to space requirements, design, or safety regulations.<\/p><p>The customized solution for your power supply:<br \/>AC\/DC, DC\/DC, DC\/AC converters, current and voltage sources, UPSs, battery charging systems with battery management, compact HV power supplies... You name it, we deliver.<\/p>\t\t\t\t\t\t\t\t<\/div>\n\t\t\t\t\t<\/div>\n\t\t\t\t<\/div>\n\t\t<div class=\"elementor-element elementor-element-23755ce e-flex e-con-boxed e-con e-parent\" data-id=\"23755ce\" data-element_type=\"container\" data-e-type=\"container\">\n\t\t\t\t\t<div class=\"e-con-inner\">\n\t\t\t\t<div class=\"elementor-element elementor-element-1f7b228 elementor-widget elementor-widget-heading\" data-id=\"1f7b228\" data-element_type=\"widget\" data-e-type=\"widget\" data-widget_type=\"heading.default\">\n\t\t\t\t\t<h2 class=\"elementor-heading-title elementor-size-default\">Your Benefits<\/h2>\t\t\t\t<\/div>\n\t\t\t\t\t<\/div>\n\t\t\t\t<\/div>\n\t\t<div class=\"elementor-element elementor-element-fc4856b e-flex e-con-boxed e-con e-parent\" data-id=\"fc4856b\" data-element_type=\"container\" data-e-type=\"container\">\n\t\t\t\t\t<div class=\"e-con-inner\">\n\t\t\t\t<div class=\"elementor-element elementor-element-b7937be elementor-widget__width-initial elementor-widget elementor-widget-text-editor\" data-id=\"b7937be\" data-element_type=\"widget\" data-e-type=\"widget\" data-widget_type=\"text-editor.default\">\n\t\t\t\t\t\t\t\t\t<ul><li>Power levels: up to 10kW<\/li><li>Individual, switch mode power supplies<\/li><li>Integration of digital controls<\/li><li>Redundant circuits<\/li><li>In-house winding production<\/li><li>Quick response, rapid prototyping<\/li><li>Experience with CE\/UL certifications<\/li><li>A wide variety of shapes and sizes, and much more.<\/li><\/ul>\t\t\t\t\t\t\t\t<\/div>\n\t\t\t\t\t<\/div>\n\t\t\t\t<\/div>\n\t\t<div class=\"elementor-element elementor-element-ad64ee4 e-flex e-con-boxed e-con e-parent\" data-id=\"ad64ee4\" data-element_type=\"container\" data-e-type=\"container\">\n\t\t\t\t\t<div class=\"e-con-inner\">\n\t\t\t\t<div class=\"elementor-element elementor-element-b0a6f79 elementor-widget elementor-widget-heading\" data-id=\"b0a6f79\" data-element_type=\"widget\" data-e-type=\"widget\" data-widget_type=\"heading.default\">\n\t\t\t\t\t<h2 class=\"elementor-heading-title elementor-size-default\">Why Innosystem?<\/h2>\t\t\t\t<\/div>\n\t\t\t\t\t<\/div>\n\t\t\t\t<\/div>\n\t\t<div class=\"elementor-element elementor-element-e44fb65 e-flex e-con-boxed e-con e-parent\" data-id=\"e44fb65\" data-element_type=\"container\" data-e-type=\"container\">\n\t\t\t\t\t<div class=\"e-con-inner\">\n\t\t\t\t<div class=\"elementor-element elementor-element-bf475af elementor-widget__width-initial elementor-widget elementor-widget-text-editor\" data-id=\"bf475af\" data-element_type=\"widget\" data-e-type=\"widget\" data-widget_type=\"text-editor.default\">\n\t\t\t\t\t\t\t\t\t<p>Innosystem offers expertise, passion, and experience in the development and production of customized switching power supplies. Thanks to our comparatively high vertical range of manufacture, we can arrange deadlines for your requirements, prototypes, and products extremely quickly.<br \/>Let our solutions impress you too.<\/p><p>Get in touch with us and send us your specifications. We will take care of everything from development to delivery, ready for installation.<\/p><p><strong>Call us to arrange an appointment: Tel. <a href=\"tel:+41618559191\">+41 61 855 91 91<\/a><\/strong><\/p>\t\t\t\t\t\t\t\t<\/div>\n\t\t\t\t\t<\/div>\n\t\t\t\t<\/div>\n\t\t\t\t<\/div>","protected":false},"excerpt":{"rendered":"<p>Innosystem \u2013 The Power Company Entwicklung und Fertigung von Schaltnetzteilen Seit \u00fcber 30 Jahren bietet die Innosystem AG kundenspezifische Schaltnetzteile an. Mit unserem Know-how k\u00f6nnen wir Sie zu Ihrem Wunschprodukt begleiten, wobei es uns ein grosses Anliegen ist, individuell und pers\u00f6nlich auf Ihre W\u00fcnsche einzugehen. Unsere Kernkompetenz liegt im Entwickeln und produzieren von kundenspezifischen Schaltnetzteilen.Sie [&hellip;]<\/p>\n","protected":false},"author":2,"featured_media":0,"parent":0,"menu_order":0,"comment_status":"closed","ping_status":"closed","template":"","meta":{"footnotes":""},"class_list":["post-31","page","type-page","status-publish","hentry"],"_links":{"self":[{"href":"https:\/\/innosystem.com\/en\/wp-json\/wp\/v2\/pages\/31","targetHints":{"allow":["GET"]}}],"collection":[{"href":"https:\/\/innosystem.com\/en\/wp-json\/wp\/v2\/pages"}],"about":[{"href":"https:\/\/innosystem.com\/en\/wp-json\/wp\/v2\/types\/page"}],"author":[{"embeddable":true,"href":"https:\/\/innosystem.com\/en\/wp-json\/wp\/v2\/users\/2"}],"replies":[{"embeddable":true,"href":"https:\/\/innosystem.com\/en\/wp-json\/wp\/v2\/comments?post=31"}],"version-history":[{"count":62,"href":"https:\/\/innosystem.com\/en\/wp-json\/wp\/v2\/pages\/31\/revisions"}],"predecessor-version":[{"id":425,"href":"https:\/\/innosystem.com\/en\/wp-json\/wp\/v2\/pages\/31\/revisions\/425"}],"wp:attachment":[{"href":"https:\/\/innosystem.com\/en\/wp-json\/wp\/v2\/media?parent=31"}],"curies":[{"name":"wp","href":"https:\/\/api.w.org\/{rel}","templated":true}]}}