{"id":303,"date":"2026-01-14T07:46:58","date_gmt":"2026-01-14T06:46:58","guid":{"rendered":"https:\/\/cms-webdesign.ch\/innosystem\/?page_id=303"},"modified":"2026-01-29T18:32:54","modified_gmt":"2026-01-29T17:32:54","slug":"standort","status":"publish","type":"page","link":"https:\/\/innosystem.com\/en\/standort\/","title":{"rendered":"LOCATION"},"content":{"rendered":"\t\t<div data-elementor-type=\"wp-page\" data-elementor-id=\"303\" class=\"elementor elementor-303\" data-elementor-post-type=\"page\">\n\t\t\t\t<div class=\"elementor-element elementor-element-1cadc03 e-flex e-con-boxed e-con e-parent\" data-id=\"1cadc03\" data-element_type=\"container\" data-e-type=\"container\">\n\t\t\t\t\t<div class=\"e-con-inner\">\n\t\t\t\t<div class=\"elementor-element elementor-element-e83d0ab elementor-widget elementor-widget-heading\" data-id=\"e83d0ab\" data-element_type=\"widget\" data-e-type=\"widget\" data-widget_type=\"heading.default\">\n\t\t\t\t\t<h1 class=\"elementor-heading-title elementor-size-default\">Standort: Entwicklung und Administration<\/h1>\t\t\t\t<\/div>\n\t\t\t\t\t<\/div>\n\t\t\t\t<\/div>\n\t\t<div class=\"elementor-element elementor-element-47eec5d e-flex e-con-boxed e-con e-parent\" data-id=\"47eec5d\" data-element_type=\"container\" data-e-type=\"container\">\n\t\t\t\t\t<div class=\"e-con-inner\">\n\t\t\t\t<div class=\"elementor-element elementor-element-9c95dd8 elementor-widget__width-inherit elementor-widget elementor-widget-html\" data-id=\"9c95dd8\" data-element_type=\"widget\" data-e-type=\"widget\" data-widget_type=\"html.default\">\n\t\t\t\t\t<div id=\"map-wrapper\" style=\"width: 100%; height: 500px; background: #eee; position: relative; display: flex; align-items: center; justify-content: center; border-radius: 4px; overflow: hidden; border: 1px solid #ddd;\">\r\n    <div id=\"map-consent-overlay\" style=\"z-index: 10; background: rgba(255, 255, 255, 0.95); padding: 25px; text-align: center; border-radius: 8px; box-shadow: 0 4px 12px rgba(0,0,0,0.15); max-width: 80%;\">\r\n        <p style=\"margin-bottom: 15px; font-family: sans-serif; color: #333;\">Zum Schutz Ihrer Daten wird die Karte erst nach Best\u00e4tigung geladen.<\/p>\r\n        <button id=\"activate-map\" style=\"background: #0073aa; color: #fff; border: none; padding: 12px 24px; border-radius: 3px; cursor: pointer; font-weight: 600;\">Karte laden<\/button>\r\n    <\/div>\r\n    <div id=\"map-container\" style=\"width: 100%; height: 100%; position: absolute; top: 0; left: 0; visibility: hidden;\"><\/div>\r\n<\/div>\r\n\r\n<link rel=\"stylesheet\" href=\"https:\/\/unpkg.com\/leaflet@1.9.4\/dist\/leaflet.css\" \/>\r\n<script src=\"https:\/\/unpkg.com\/leaflet@1.9.4\/dist\/leaflet.js\"><\/script>\r\n\r\n<script>\r\ndocument.getElementById('activate-map').addEventListener('click', function() {\r\n    const container = document.getElementById('map-container');\r\n    const overlay = document.getElementById('map-consent-overlay');\r\n\r\n    overlay.style.display = 'none';\r\n    container.style.visibility = 'visible';\r\n\r\n    const lat = 47.540904;\r\n    const lng = 7.873893;\r\n\r\n    \/\/ Initialisierung mit Standard-Attribution (true)\r\n    const map = L.map('map-container').setView([lat, lng], 17);\r\n\r\n    L.tileLayer('https:\/\/{s}.tile.openstreetmap.org\/{z}\/{x}\/{y}.png', {\r\n        attribution: '&copy; <a href=\"https:\/\/www.openstreetmap.org\/copyright\">OpenStreetMap<\/a> contributors'\r\n    }).addTo(map);\r\n\r\n    L.marker([lat, lng]).addTo(map)\r\n        .bindPopup('<b>Rebgasse 12<\/b><br>4314 Zeiningen')\r\n        .openPopup();\r\n\r\n    setTimeout(() => { map.invalidateSize(); }, 200);\r\n});\r\n<\/script>\t\t\t\t<\/div>\n\t\t\t\t\t<\/div>\n\t\t\t\t<\/div>\n\t\t<div class=\"elementor-element elementor-element-bedd18c e-flex e-con-boxed e-con e-parent\" data-id=\"bedd18c\" data-element_type=\"container\" data-e-type=\"container\">\n\t\t\t\t\t<div class=\"e-con-inner\">\n\t\t<div class=\"elementor-element elementor-element-6af5b5b e-con-full e-flex e-con e-child\" data-id=\"6af5b5b\" data-element_type=\"container\" data-e-type=\"container\">\n\t\t\t\t<div class=\"elementor-element elementor-element-b0489ba elementor-widget elementor-widget-text-editor\" data-id=\"b0489ba\" data-element_type=\"widget\" data-e-type=\"widget\" data-widget_type=\"text-editor.default\">\n\t\t\t\t\t\t\t\t\t<h2>Unser Standort<\/h2><p>Unser Elektrotechnikunternehmen befindet sich im Herzen von Zeiningen. Wir sind sowohl mit dem \u00d6V als mit dem Auto gut zu erreichen. Kostenlose Parkpl\u00e4tze f\u00fcr unsere Besucher sind vorhanden.<\/p>\t\t\t\t\t\t\t\t<\/div>\n\t\t\t\t<\/div>\n\t\t<div class=\"elementor-element elementor-element-3e2efbd e-con-full e-flex e-con e-child\" data-id=\"3e2efbd\" data-element_type=\"container\" data-e-type=\"container\">\n\t\t\t\t<div class=\"elementor-element elementor-element-7c80cc6 elementor-widget elementor-widget-text-editor\" data-id=\"7c80cc6\" data-element_type=\"widget\" data-e-type=\"widget\" data-widget_type=\"text-editor.default\">\n\t\t\t\t\t\t\t\t\t<h2>Routenplaner<\/h2><p>Mit Hilfe des unten stehenden Links k\u00f6nnen Sie die schnellstm\u00f6gliche Anfahrt von Ihnen aus zu unserem Elektrotechnikunternehmen berechnen.<br \/><a href=\"http:\/\/maps.google.com\/maps?daddr=Rebgasse+12%2C+Zeiningen\" target=\"_blank\" rel=\"noopener\">\u00bb Link zum Routenplaner<\/a><\/p>\t\t\t\t\t\t\t\t<\/div>\n\t\t\t\t<\/div>\n\t\t<div class=\"elementor-element elementor-element-116301f e-con-full e-flex e-con e-child\" data-id=\"116301f\" data-element_type=\"container\" data-e-type=\"container\">\n\t\t\t\t<div class=\"elementor-element elementor-element-e956fe2 elementor-widget elementor-widget-text-editor\" data-id=\"e956fe2\" data-element_type=\"widget\" data-e-type=\"widget\" data-widget_type=\"text-editor.default\">\n\t\t\t\t\t\t\t\t\t<h2>Kontakt<\/h2><p><strong>Innosystem AG<br \/><\/strong>Rebgasse 12<br \/>CH-4314 Zeiningen<br \/><a href=\"tel:0041618559191\">+41 61 855 91 91<br \/><\/a><a href=\"mailto:info@innosystem.com\">info@innosystem.com<\/a><\/p>\t\t\t\t\t\t\t\t<\/div>\n\t\t\t\t<\/div>\n\t\t\t\t\t<\/div>\n\t\t\t\t<\/div>\n\t\t<div class=\"elementor-element elementor-element-086e621 e-flex e-con-boxed e-con e-parent\" data-id=\"086e621\" data-element_type=\"container\" data-e-type=\"container\">\n\t\t\t\t\t<div class=\"e-con-inner\">\n\t\t\t\t<div class=\"elementor-element elementor-element-dcd635a elementor-widget elementor-widget-spacer\" data-id=\"dcd635a\" data-element_type=\"widget\" data-e-type=\"widget\" data-widget_type=\"spacer.default\">\n\t\t\t\t\t\t\t<div class=\"elementor-spacer\">\n\t\t\t<div class=\"elementor-spacer-inner\"><\/div>\n\t\t<\/div>\n\t\t\t\t\t\t<\/div>\n\t\t\t\t<div class=\"elementor-element elementor-element-f208170 elementor-widget elementor-widget-heading\" data-id=\"f208170\" data-element_type=\"widget\" data-e-type=\"widget\" data-widget_type=\"heading.default\">\n\t\t\t\t\t<h2 class=\"elementor-heading-title elementor-size-default\">Standort: Produktion<\/h2>\t\t\t\t<\/div>\n\t\t\t\t<div class=\"elementor-element elementor-element-4f8b8fc elementor-widget__width-inherit elementor-widget elementor-widget-html\" data-id=\"4f8b8fc\" data-element_type=\"widget\" data-e-type=\"widget\" data-widget_type=\"html.default\">\n\t\t\t\t\t<div id=\"map-wrapper_2\" style=\"width: 100%; height: 500px; background: #eee; position: relative; display: flex; align-items: center; justify-content: center; border-radius: 4px; overflow: hidden; border: 1px solid #ddd;\">\r\n    <div id=\"map-consent-overlay_2\" style=\"z-index: 10; background: rgba(255, 255, 255, 0.95); padding: 25px; text-align: center; border-radius: 8px; box-shadow: 0 4px 12px rgba(0,0,0,0.15); max-width: 80%;\">\r\n        <p style=\"margin-bottom: 15px; font-family: sans-serif; color: #333;\">Zum Schutz Ihrer Daten wird die Karte erst nach Best\u00e4tigung geladen.<\/p>\r\n        <button id=\"activate-map_2\" style=\"background: #0073aa; color: #fff; border: none; padding: 12px 24px; border-radius: 3px; cursor: pointer; font-weight: 600;\">Karte laden<\/button>\r\n    <\/div>\r\n    <div id=\"map-container_2\" style=\"width: 100%; height: 100%; position: absolute; top: 0; left: 0; visibility: hidden;\"><\/div>\r\n<\/div>\r\n\r\n<script>\r\n(function() {\r\n    document.getElementById('activate-map_2').addEventListener('click', function() {\r\n        const container = document.getElementById('map-container_2');\r\n        const overlay = document.getElementById('map-consent-overlay_2');\r\n\r\n        overlay.style.display = 'none';\r\n        container.style.visibility = 'visible';\r\n\r\n        \/\/ Koordinaten aus dem OSM-Link\r\n        const lat = 47.548488;\r\n        const lng = 7.876987;\r\n\r\n        const map2 = L.map('map-container_2').setView([lat, lng], 17);\r\n\r\n        L.tileLayer('https:\/\/{s}.tile.openstreetmap.org\/{z}\/{x}\/{y}.png', {\r\n            attribution: '&copy; <a href=\"https:\/\/www.openstreetmap.org\/copyright\">OpenStreetMap<\/a> contributors'\r\n        }).addTo(map2);\r\n\r\n        L.marker([lat, lng]).addTo(map2)\r\n            .bindPopup('<b>R\u00f6merstrasse 28<\/b><br>4314 Zeiningen')\r\n            .openPopup();\r\n\r\n        setTimeout(() => { map2.invalidateSize(); }, 200);\r\n    });\r\n})();\r\n<\/script>\t\t\t\t<\/div>\n\t\t\t\t\t<\/div>\n\t\t\t\t<\/div>\n\t\t<div class=\"elementor-element elementor-element-47e1c4e e-flex e-con-boxed e-con e-parent\" data-id=\"47e1c4e\" data-element_type=\"container\" data-e-type=\"container\">\n\t\t\t\t\t<div class=\"e-con-inner\">\n\t\t<div class=\"elementor-element elementor-element-c79c485 e-con-full e-flex e-con e-child\" data-id=\"c79c485\" data-element_type=\"container\" data-e-type=\"container\">\n\t\t\t\t<div class=\"elementor-element elementor-element-0bfa55e elementor-widget elementor-widget-text-editor\" data-id=\"0bfa55e\" data-element_type=\"widget\" data-e-type=\"widget\" data-widget_type=\"text-editor.default\">\n\t\t\t\t\t\t\t\t\t<h2>Unser Standort<\/h2><p>Unser Elektronik Produktion befindet sich Zeiningen. Wir sind sowohl mit dem \u00d6V (10 min zu Fuss) als mit dem Auto gut zu erreichen. Kostenlose Parkpl\u00e4tze f\u00fcr unsere Besucher sind vorhanden.<\/p>\t\t\t\t\t\t\t\t<\/div>\n\t\t\t\t<\/div>\n\t\t<div class=\"elementor-element elementor-element-fbebe6d e-con-full e-flex e-con e-child\" data-id=\"fbebe6d\" data-element_type=\"container\" data-e-type=\"container\">\n\t\t\t\t<div class=\"elementor-element elementor-element-f64d818 elementor-widget elementor-widget-text-editor\" data-id=\"f64d818\" data-element_type=\"widget\" data-e-type=\"widget\" data-widget_type=\"text-editor.default\">\n\t\t\t\t\t\t\t\t\t<h2>Routenplaner<\/h2><p>Mit Hilfe des unten stehenden Links k\u00f6nnen Sie die schnellstm\u00f6gliche Anfahrt von Ihnen aus zu unserem Elektrotechnikunternehmen berechnen.<br \/><a href=\"http:\/\/maps.google.com\/maps?daddr=R\u00f6merstrasse+28%2C+Zeiningen\" target=\"_blank\" rel=\"noopener\">\u00bb Link zum Routenplaner<\/a><\/p>\t\t\t\t\t\t\t\t<\/div>\n\t\t\t\t<\/div>\n\t\t<div class=\"elementor-element elementor-element-9fea463 e-con-full e-flex e-con e-child\" data-id=\"9fea463\" data-element_type=\"container\" data-e-type=\"container\">\n\t\t\t\t<div class=\"elementor-element elementor-element-ec78571 elementor-widget elementor-widget-text-editor\" data-id=\"ec78571\" data-element_type=\"widget\" data-e-type=\"widget\" data-widget_type=\"text-editor.default\">\n\t\t\t\t\t\t\t\t\t<h2>Kontakt<\/h2><p><strong>Innosystem AG<br \/><\/strong>Rebgasse 12<br \/>CH-4314 Zeiningen<br \/><a href=\"tel:0041618559191\">+41 61 855 91 91<br \/><\/a><a href=\"mailto:info@innosystem.com\">info@innosystem.com<\/a><\/p>\t\t\t\t\t\t\t\t<\/div>\n\t\t\t\t<\/div>\n\t\t\t\t\t<\/div>\n\t\t\t\t<\/div>\n\t\t\t\t<\/div>\n\t\t","protected":false},"excerpt":{"rendered":"<p>Standort: Entwicklung und Administration Zum Schutz Ihrer Daten wird die Karte erst nach Best\u00e4tigung geladen. Karte laden Unser Standort Unser Elektrotechnikunternehmen befindet sich im Herzen von Zeiningen. Wir sind sowohl mit dem \u00d6V als mit dem Auto gut zu erreichen. Kostenlose Parkpl\u00e4tze f\u00fcr unsere Besucher sind vorhanden. Routenplaner Mit Hilfe des unten stehenden Links k\u00f6nnen [&hellip;]<\/p>\n","protected":false},"author":2,"featured_media":0,"parent":0,"menu_order":0,"comment_status":"closed","ping_status":"closed","template":"","meta":{"footnotes":""},"class_list":["post-303","page","type-page","status-publish","hentry"],"_links":{"self":[{"href":"https:\/\/innosystem.com\/en\/wp-json\/wp\/v2\/pages\/303","targetHints":{"allow":["GET"]}}],"collection":[{"href":"https:\/\/innosystem.com\/en\/wp-json\/wp\/v2\/pages"}],"about":[{"href":"https:\/\/innosystem.com\/en\/wp-json\/wp\/v2\/types\/page"}],"author":[{"embeddable":true,"href":"https:\/\/innosystem.com\/en\/wp-json\/wp\/v2\/users\/2"}],"replies":[{"embeddable":true,"href":"https:\/\/innosystem.com\/en\/wp-json\/wp\/v2\/comments?post=303"}],"version-history":[{"count":52,"href":"https:\/\/innosystem.com\/en\/wp-json\/wp\/v2\/pages\/303\/revisions"}],"predecessor-version":[{"id":476,"href":"https:\/\/innosystem.com\/en\/wp-json\/wp\/v2\/pages\/303\/revisions\/476"}],"wp:attachment":[{"href":"https:\/\/innosystem.com\/en\/wp-json\/wp\/v2\/media?parent=303"}],"curies":[{"name":"wp","href":"https:\/\/api.w.org\/{rel}","templated":true}]}}